{"id":1703,"date":"2020-07-07T20:29:04","date_gmt":"2020-07-07T18:29:04","guid":{"rendered":"https:\/\/wildnasswald.at\/?page_id=1703"},"modified":"2024-03-07T23:52:22","modified_gmt":"2024-03-07T22:52:22","slug":"impressum","status":"publish","type":"page","link":"https:\/\/wildnasswald.at\/en\/impressum\/","title":{"rendered":"IMPRESSUM"},"content":{"rendered":"\t\t<div data-elementor-type=\"wp-page\" data-elementor-id=\"1703\" class=\"elementor elementor-1703\">\n\t\t\t\t\t\t<section class=\"elementor-section elementor-top-section elementor-element elementor-element-aa202e9 elementor-section-boxed elementor-section-height-default elementor-section-height-default\" data-id=\"aa202e9\" data-element_type=\"section\" data-e-type=\"section\">\n\t\t\t\t\t\t<div class=\"elementor-container elementor-column-gap-default\">\n\t\t\t\t\t<div class=\"elementor-column elementor-col-100 elementor-top-column elementor-element elementor-element-6ffec38\" data-id=\"6ffec38\" data-element_type=\"column\" data-e-type=\"column\">\n\t\t\t<div class=\"elementor-widget-wrap elementor-element-populated\">\n\t\t\t\t\t\t<div class=\"elementor-element elementor-element-bd531da elementor-widget elementor-widget-spacer\" data-id=\"bd531da\" data-element_type=\"widget\" data-e-type=\"widget\" data-widget_type=\"spacer.default\">\n\t\t\t\t<div class=\"elementor-widget-container\">\n\t\t\t\t\t\t\t<div class=\"elementor-spacer\">\n\t\t\t<div class=\"elementor-spacer-inner\"><\/div>\n\t\t<\/div>\n\t\t\t\t\t\t<\/div>\n\t\t\t\t<\/div>\n\t\t\t\t<div class=\"elementor-element elementor-element-15ca187 elementor-widget elementor-widget-text-editor\" data-id=\"15ca187\" data-element_type=\"widget\" data-e-type=\"widget\" data-widget_type=\"text-editor.default\">\n\t\t\t\t<div class=\"elementor-widget-container\">\n\t\t\t\t\t\t\t\t\t<h1 class=\"adsimple-221130219 fusion-responsive-typography-calculated\" data-fontsize=\"34\" data-lineheight=\"46px\">Impressum<\/h1><p class=\"adsimple-221130219\"><span style=\"font-size: 16px;\">(\u00a75 E-Commerce Gesetz, \u00a714 Unternehmensgesetzbuch, \u00a763 Gewerbeordnung und Offenlegungspflicht laut \u00a725 Mediengesetz)<\/span><\/p><p class=\"adsimple-221130219\"><b>WILD NASSWALD &#8211; WILDNIS ZENTRUM NASSWALD E. U.<br \/><\/b>Georg Bergthaler<br \/>Graben 60, <br \/>2661 Na\u00dfwald, <br \/>\u00d6sterreich<\/p><p class=\"adsimple-221130219\"><strong>Unternehmensgegenstand:<\/strong> Sport, Freizeit, Erholung und Unterhaltung<br \/><strong>Firmenbuchnummer:<\/strong> 533419s<br \/><strong>Firmenbuchgericht:<\/strong> Wiener Neustadt<br \/><strong>Firmensitz:<\/strong>\u00a0Graben 60, 2661 Na\u00dfwald<\/p><p class=\"adsimple-221130219\"><strong>UID Nummer:\u00a0<\/strong>ATU80149448<\/p><p class=\"adsimple-221130219\"><strong style=\"font-size: 16px;\">Berufsbezeichnung:<\/strong><span style=\"font-size: 16px;\">\u00a0Tiroler Bergwanderf\u00fchrer, zertifizierter Wildnisf\u00fchrer, Kanu-, Kayak- und Raftingguide, Survivaltrainer, Bushcraftcoach.<\/span><b style=\"font-style: inherit;\">\u00a0<\/b><\/p><p class=\"adsimple-221130219\"><strong>Tel.:<\/strong>\u00a0+43 680 1166658<br \/><strong>E-Mail:<\/strong> <a href=\"mailto:info@wildnasswald.at\">info@wildnasswald.at<\/a><\/p><p class=\"adsimple-221130219\"><strong>Berufsrecht:<\/strong> Gewerbeordnung lt. www.ris.bka.gv.at<\/p><p class=\"adsimple-221130219\"><strong>Aufsichtsbeh\u00f6rde\/Gewerbebeh\u00f6rde:<\/strong> Bezirkshauptmannschaft Neunkirchen<br \/><strong>Verleihungsstaat:<\/strong> \u00d6sterreich<\/p><h2 class=\"adsimple-221130219 fusion-responsive-typography-calculated\" data-fontsize=\"27\" data-lineheight=\"39px\">EU Streitschlichtung<\/h2><p>Wir m\u00f6chten Sie \u00fcber die Online-Streitbeilegungsplattform der EU informieren.\u00a0Beschwerden von Verbrauchern k\u00f6nnen an die Online Streitbeilegungsplattform der Europ\u00e4ischen Kommission unter <a class=\"adsimple-221130219\" href=\"https:\/\/ec.europa.eu\/consumers\/odr\/main\/index.cfm?event=main.home2.show&amp;lng=DE\" target=\"_blank\" rel=\"nofollow noopener\">http:\/\/ec.europa.eu\/odr?tid=221130219<\/a>\u00a0gerichtet werden. Notwendige Kontaktdaten finden Sie oberhalb im Impressum.\u00a0<span style=\"font-size: 16px;\">Jedoch sind wir nicht verpflichtet oder einverstanden, an Streitbeilegungsverfahren vor einer Verbraucherschlichtungsstelle teilzunehmen.<\/span><\/p><h2>Haftung f\u00fcr Inhalte dieser Webseite<\/h2><p>Wir entwickeln die Inhalte dieser Webseite st\u00e4ndig weiter und bem\u00fchen uns korrekte und aktuelle Informationen bereitzustellen. Leider k\u00f6nnen wir keine Haftung f\u00fcr die Korrektheit aller Inhalte auf dieser Webseite \u00fcbernehmen, speziell f\u00fcr jene die seitens Dritter bereitgestellt wurden.<\/p><p>Sollten Ihnen problematische oder rechtswidrige Inhalte auffallen, bitten wir Sie uns umgehend zu kontaktieren, Sie finden die Kontaktdaten im Impressum.<\/p><h2 class=\"adsimple-221130219 fusion-responsive-typography-calculated\" data-fontsize=\"27\" data-lineheight=\"39px\">Haftung f\u00fcr Links auf dieser Webseite<\/h2><p>Unsere Webseite enth\u00e4lt Links zu anderen Webseiten f\u00fcr deren Inhalt wir nicht verantwortlich sind. Haftung f\u00fcr verlinkte Websites besteht laut <a class=\"adsimple-221130219\" href=\"https:\/\/www.ris.bka.gv.at\/Dokument.wxe?Abfrage=Bundesnormen&amp;Dokumentnummer=NOR40025813&amp;tid=221130219\" target=\"_blank\" rel=\"noopener nofollow\">\u00a7 17 ECG<\/a> f\u00fcr uns nicht, da wir keine Kenntnis rechtswidriger T\u00e4tigkeiten hatten und haben, uns solche Rechtswidrigkeiten auch bisher nicht aufgefallen sind und wir Links sofort entfernen w\u00fcrden, wenn uns Rechtswidrigkeiten bekannt werden.<\/p><p>Wenn Ihnen rechtswidrige Links auf unserer Website auffallen, bitten wir Sie uns zu kontaktieren, Sie finden die Kontaktdaten im Impressum.<\/p><h2 class=\"adsimple-221130219 fusion-responsive-typography-calculated\" data-fontsize=\"27\" data-lineheight=\"39px\">HINWEIS ZUM Urheberrecht<\/h2><p>Alle Inhalte dieser Webseite (Bilder, Fotos, Texte, Videos) unterliegen dem Urheberrecht. Bei unerlaubter Verwendung werden wir die Nutzung von Teilen der Inhalte unserer Seite rechtlich verfolgen.<\/p><h2>Bildernachweis<\/h2><p>Die Bilder, Fotos und Grafiken auf dieser Webseite sind urheberrechtlich gesch\u00fctzt.<\/p><p>Die Bilderrechte liegen bei den folgenden Fotografen und Unternehmen:<\/p><ul class=\"adsimple-221130219\"><li class=\"adsimple-221130219\">Georg Bergthaler, MA<\/li><\/ul><p>Wir bitten Sie auch unsere\u00a0<a href=\"https:\/\/wildnasswald.at\/datenschutz\/\" target=\"_blank\" rel=\"noopener\">Datenschutzerkl\u00e4rung<\/a><a title=\"Datenschutzerkl\u00e4rung der Alpin und Kanuschule Natur Pur, K\u00f6nigsstetten\" href=\"https:\/\/www.naturpur.co.at\/datenschutzerklaerung.php\">\u00a0<\/a>und\u00a0<a href=\"https:\/\/wildnasswald.at\/agbs\/\" target=\"_blank\" rel=\"noopener\">AGBs<\/a>\u00a0zu beachten.<\/p><p><span style=\"font-size: 16px;\">Vielen Dank f\u00fcr Ihr Interesse!\u00a0<\/span><span style=\"font-size: 16px;\">Bei Fragen\u00a0<\/span><a href=\"https:\/\/wildnasswald.at\/contact-us\/\" target=\"_blank\" rel=\"noopener\">kontaktieren Sie uns<\/a>\u00a0gerne<span style=\"font-size: 16px;\">\u00a0jederzeit!<\/span><\/p>\t\t\t\t\t\t\t\t<\/div>\n\t\t\t\t<\/div>\n\t\t\t\t<div class=\"elementor-element elementor-element-866dcdd elementor-widget elementor-widget-spacer\" data-id=\"866dcdd\" data-element_type=\"widget\" data-e-type=\"widget\" data-widget_type=\"spacer.default\">\n\t\t\t\t<div class=\"elementor-widget-container\">\n\t\t\t\t\t\t\t<div class=\"elementor-spacer\">\n\t\t\t<div class=\"elementor-spacer-inner\"><\/div>\n\t\t<\/div>\n\t\t\t\t\t\t<\/div>\n\t\t\t\t<\/div>\n\t\t\t\t\t<\/div>\n\t\t<\/div>\n\t\t\t\t\t<\/div>\n\t\t<\/section>\n\t\t\t\t<\/div>\n\t\t","protected":false},"excerpt":{"rendered":"<p>Impressum (\u00a75 E-Commerce Gesetz, \u00a714 Unternehmensgesetzbuch, \u00a763 Gewerbeordnung und Offenlegungspflicht laut \u00a725 Mediengesetz) WILD NASSWALD &#8211; WILDNIS ZENTRUM NASSWALD E. U.Georg BergthalerGraben 60, 2661 Na\u00dfwald, \u00d6sterreich Unternehmensgegenstand: Sport, Freizeit, Erholung und UnterhaltungFirmenbuchnummer: 533419sFirmenbuchgericht: Wiener NeustadtFirmensitz:\u00a0Graben 60, 2661 Na\u00dfwald UID Nummer:\u00a0ATU80149448 Berufsbezeichnung:\u00a0Tiroler Bergwanderf\u00fchrer, zertifizierter Wildnisf\u00fchrer, Kanu-, Kayak- und Raftingguide, Survivaltrainer, Bushcraftcoach.\u00a0 Tel.:\u00a0+43 680 1166658E-Mail: info@wildnasswald.at Berufsrecht: [&hellip;]<\/p>\n","protected":false},"author":1,"featured_media":0,"parent":0,"menu_order":0,"comment_status":"closed","ping_status":"closed","template":"","meta":{"site-sidebar-layout":"no-sidebar","site-content-layout":"page-builder","ast-site-content-layout":"default","site-content-style":"default","site-sidebar-style":"default","ast-global-header-display":"","ast-banner-title-visibility":"","ast-main-header-display":"","ast-hfb-above-header-display":"","ast-hfb-below-header-display":"","ast-hfb-mobile-header-display":"","site-post-title":"disabled","ast-breadcrumbs-content":"","ast-featured-img":"disabled","footer-sml-layout":"","ast-disable-related-posts":"","theme-transparent-header-meta":"default","adv-header-id-meta":"","stick-header-meta":"","header-above-stick-meta":"","header-main-stick-meta":"","header-below-stick-meta":"","astra-migrate-meta-layouts":"default","ast-page-background-enabled":"default","ast-page-background-meta":{"desktop":{"background-color":"var(--ast-global-color-4)","background-image":"","background-repeat":"repeat","background-position":"center center","background-size":"auto","background-attachment":"scroll","background-type":"","background-media":"","overlay-type":"","overlay-color":"","overlay-opacity":"","overlay-gradient":""},"tablet":{"background-color":"","background-image":"","background-repeat":"repeat","background-position":"center center","background-size":"auto","background-attachment":"scroll","background-type":"","background-media":"","overlay-type":"","overlay-color":"","overlay-opacity":"","overlay-gradient":""},"mobile":{"background-color":"","background-image":"","background-repeat":"repeat","background-position":"center center","background-size":"auto","background-attachment":"scroll","background-type":"","background-media":"","overlay-type":"","overlay-color":"","overlay-opacity":"","overlay-gradient":""}},"ast-content-background-meta":{"desktop":{"background-color":"var(--ast-global-color-5)","background-image":"","background-repeat":"repeat","background-position":"center center","background-size":"auto","background-attachment":"scroll","background-type":"","background-media":"","overlay-type":"","overlay-color":"","overlay-opacity":"","overlay-gradient":""},"tablet":{"background-color":"var(--ast-global-color-5)","background-image":"","background-repeat":"repeat","background-position":"center center","background-size":"auto","background-attachment":"scroll","background-type":"","background-media":"","overlay-type":"","overlay-color":"","overlay-opacity":"","overlay-gradient":""},"mobile":{"background-color":"var(--ast-global-color-5)","background-image":"","background-repeat":"repeat","background-position":"center center","background-size":"auto","background-attachment":"scroll","background-type":"","background-media":"","overlay-type":"","overlay-color":"","overlay-opacity":"","overlay-gradient":""}},"footnotes":""},"class_list":["post-1703","page","type-page","status-publish","hentry"],"yoast_head":"<!-- This site is optimized with the Yoast SEO plugin v27.4 - https:\/\/yoast.com\/product\/yoast-seo-wordpress\/ -->\n<title>IMPRESSUM - wildnasswald.at<\/title>\n<meta name=\"description\" content=\"In our Impressum you receive important legal information about our company. Don&#039;t worry, we are 100% legit. Thank you for your interest!\" \/>\n<meta name=\"robots\" content=\"index, follow, max-snippet:-1, max-image-preview:large, max-video-preview:-1\" \/>\n<link rel=\"canonical\" href=\"https:\/\/wildnasswald.at\/en\/impressum\/\" \/>\n<meta property=\"og:locale\" content=\"en_US\" \/>\n<meta property=\"og:type\" content=\"article\" \/>\n<meta property=\"og:title\" content=\"IMPRESSUM - wildnasswald.at\" \/>\n<meta property=\"og:description\" content=\"In our Impressum you receive important legal information about our company. Don&#039;t worry, we are 100% legit. Thank you for your interest!\" \/>\n<meta property=\"og:url\" content=\"https:\/\/wildnasswald.at\/en\/impressum\/\" \/>\n<meta property=\"og:site_name\" content=\"wildnasswald.at\" \/>\n<meta property=\"article:modified_time\" content=\"2024-03-07T22:52:22+00:00\" \/>\n<meta name=\"twitter:card\" content=\"summary_large_image\" \/>\n<meta name=\"twitter:label1\" content=\"Est. reading time\" \/>\n\t<meta name=\"twitter:data1\" content=\"2 minutes\" \/>\n<script type=\"application\/ld+json\" class=\"yoast-schema-graph\">{\"@context\":\"https:\\\/\\\/schema.org\",\"@graph\":[{\"@type\":\"WebPage\",\"@id\":\"https:\\\/\\\/wildnasswald.at\\\/impressum\\\/\",\"url\":\"https:\\\/\\\/wildnasswald.at\\\/impressum\\\/\",\"name\":\"IMPRESSUM - wildnasswald.at\",\"isPartOf\":{\"@id\":\"https:\\\/\\\/wildnasswald.at\\\/en\\\/#website\"},\"datePublished\":\"2020-07-07T18:29:04+00:00\",\"dateModified\":\"2024-03-07T22:52:22+00:00\",\"description\":\"In our Impressum you receive important legal information about our company. Don't worry, we are 100% legit. Thank you for your interest!\",\"breadcrumb\":{\"@id\":\"https:\\\/\\\/wildnasswald.at\\\/impressum\\\/#breadcrumb\"},\"inLanguage\":\"en-US\",\"potentialAction\":[{\"@type\":\"ReadAction\",\"target\":[\"https:\\\/\\\/wildnasswald.at\\\/impressum\\\/\"]}]},{\"@type\":\"BreadcrumbList\",\"@id\":\"https:\\\/\\\/wildnasswald.at\\\/impressum\\\/#breadcrumb\",\"itemListElement\":[{\"@type\":\"ListItem\",\"position\":1,\"name\":\"Home\",\"item\":\"https:\\\/\\\/wildnasswald.at\\\/\"},{\"@type\":\"ListItem\",\"position\":2,\"name\":\"IMPRESSUM\"}]},{\"@type\":\"WebSite\",\"@id\":\"https:\\\/\\\/wildnasswald.at\\\/en\\\/#website\",\"url\":\"https:\\\/\\\/wildnasswald.at\\\/en\\\/\",\"name\":\"wildnasswald.at\",\"description\":\"Wildnis Zentrum Nasswald\",\"publisher\":{\"@id\":\"https:\\\/\\\/wildnasswald.at\\\/en\\\/#organization\"},\"potentialAction\":[{\"@type\":\"SearchAction\",\"target\":{\"@type\":\"EntryPoint\",\"urlTemplate\":\"https:\\\/\\\/wildnasswald.at\\\/en\\\/?s={search_term_string}\"},\"query-input\":{\"@type\":\"PropertyValueSpecification\",\"valueRequired\":true,\"valueName\":\"search_term_string\"}}],\"inLanguage\":\"en-US\"},{\"@type\":\"Organization\",\"@id\":\"https:\\\/\\\/wildnasswald.at\\\/en\\\/#organization\",\"name\":\"wildnasswald.at\",\"url\":\"https:\\\/\\\/wildnasswald.at\\\/en\\\/\",\"logo\":{\"@type\":\"ImageObject\",\"inLanguage\":\"en-US\",\"@id\":\"https:\\\/\\\/wildnasswald.at\\\/en\\\/#\\\/schema\\\/logo\\\/image\\\/\",\"url\":\"https:\\\/\\\/wildnasswald.at\\\/wp-content\\\/uploads\\\/2025\\\/08\\\/Nasswald_Logo_weis_v2_72-dpi-transparent_EN-01-01.png\",\"contentUrl\":\"https:\\\/\\\/wildnasswald.at\\\/wp-content\\\/uploads\\\/2025\\\/08\\\/Nasswald_Logo_weis_v2_72-dpi-transparent_EN-01-01.png\",\"width\":1197,\"height\":1197,\"caption\":\"wildnasswald.at\"},\"image\":{\"@id\":\"https:\\\/\\\/wildnasswald.at\\\/en\\\/#\\\/schema\\\/logo\\\/image\\\/\"}}]}<\/script>\n<!-- \/ Yoast SEO plugin. -->","yoast_head_json":{"title":"IMPRESSUM - wildnasswald.at","description":"In our Impressum you receive important legal information about our company. Don't worry, we are 100% legit. Thank you for your interest!","robots":{"index":"index","follow":"follow","max-snippet":"max-snippet:-1","max-image-preview":"max-image-preview:large","max-video-preview":"max-video-preview:-1"},"canonical":"https:\/\/wildnasswald.at\/en\/impressum\/","og_locale":"en_US","og_type":"article","og_title":"IMPRESSUM - wildnasswald.at","og_description":"In our Impressum you receive important legal information about our company. Don't worry, we are 100% legit. Thank you for your interest!","og_url":"https:\/\/wildnasswald.at\/en\/impressum\/","og_site_name":"wildnasswald.at","article_modified_time":"2024-03-07T22:52:22+00:00","twitter_card":"summary_large_image","twitter_misc":{"Est. reading time":"2 minutes"},"schema":{"@context":"https:\/\/schema.org","@graph":[{"@type":"WebPage","@id":"https:\/\/wildnasswald.at\/impressum\/","url":"https:\/\/wildnasswald.at\/impressum\/","name":"IMPRESSUM - wildnasswald.at","isPartOf":{"@id":"https:\/\/wildnasswald.at\/en\/#website"},"datePublished":"2020-07-07T18:29:04+00:00","dateModified":"2024-03-07T22:52:22+00:00","description":"In our Impressum you receive important legal information about our company. Don't worry, we are 100% legit. Thank you for your interest!","breadcrumb":{"@id":"https:\/\/wildnasswald.at\/impressum\/#breadcrumb"},"inLanguage":"en-US","potentialAction":[{"@type":"ReadAction","target":["https:\/\/wildnasswald.at\/impressum\/"]}]},{"@type":"BreadcrumbList","@id":"https:\/\/wildnasswald.at\/impressum\/#breadcrumb","itemListElement":[{"@type":"ListItem","position":1,"name":"Home","item":"https:\/\/wildnasswald.at\/"},{"@type":"ListItem","position":2,"name":"IMPRESSUM"}]},{"@type":"WebSite","@id":"https:\/\/wildnasswald.at\/en\/#website","url":"https:\/\/wildnasswald.at\/en\/","name":"wildnasswald.at","description":"Wildnis Zentrum Nasswald","publisher":{"@id":"https:\/\/wildnasswald.at\/en\/#organization"},"potentialAction":[{"@type":"SearchAction","target":{"@type":"EntryPoint","urlTemplate":"https:\/\/wildnasswald.at\/en\/?s={search_term_string}"},"query-input":{"@type":"PropertyValueSpecification","valueRequired":true,"valueName":"search_term_string"}}],"inLanguage":"en-US"},{"@type":"Organization","@id":"https:\/\/wildnasswald.at\/en\/#organization","name":"wildnasswald.at","url":"https:\/\/wildnasswald.at\/en\/","logo":{"@type":"ImageObject","inLanguage":"en-US","@id":"https:\/\/wildnasswald.at\/en\/#\/schema\/logo\/image\/","url":"https:\/\/wildnasswald.at\/wp-content\/uploads\/2025\/08\/Nasswald_Logo_weis_v2_72-dpi-transparent_EN-01-01.png","contentUrl":"https:\/\/wildnasswald.at\/wp-content\/uploads\/2025\/08\/Nasswald_Logo_weis_v2_72-dpi-transparent_EN-01-01.png","width":1197,"height":1197,"caption":"wildnasswald.at"},"image":{"@id":"https:\/\/wildnasswald.at\/en\/#\/schema\/logo\/image\/"}}]}},"_links":{"self":[{"href":"https:\/\/wildnasswald.at\/en\/wp-json\/wp\/v2\/pages\/1703","targetHints":{"allow":["GET"]}}],"collection":[{"href":"https:\/\/wildnasswald.at\/en\/wp-json\/wp\/v2\/pages"}],"about":[{"href":"https:\/\/wildnasswald.at\/en\/wp-json\/wp\/v2\/types\/page"}],"author":[{"embeddable":true,"href":"https:\/\/wildnasswald.at\/en\/wp-json\/wp\/v2\/users\/1"}],"replies":[{"embeddable":true,"href":"https:\/\/wildnasswald.at\/en\/wp-json\/wp\/v2\/comments?post=1703"}],"version-history":[{"count":10,"href":"https:\/\/wildnasswald.at\/en\/wp-json\/wp\/v2\/pages\/1703\/revisions"}],"predecessor-version":[{"id":9872,"href":"https:\/\/wildnasswald.at\/en\/wp-json\/wp\/v2\/pages\/1703\/revisions\/9872"}],"wp:attachment":[{"href":"https:\/\/wildnasswald.at\/en\/wp-json\/wp\/v2\/media?parent=1703"}],"curies":[{"name":"wp","href":"https:\/\/api.w.org\/{rel}","templated":true}]}}