{"id":12170,"date":"2026-02-12T04:00:01","date_gmt":"2026-02-12T03:00:01","guid":{"rendered":"https:\/\/wildnasswald.at\/?post_type=product&#038;p=12170"},"modified":"2026-02-12T08:21:07","modified_gmt":"2026-02-12T07:21:07","slug":"survival-workshop-voucher","status":"publish","type":"product","link":"https:\/\/wildnasswald.at\/de\/produkt\/survival-workshop-voucher\/","title":{"rendered":"SURVIVAL WORKSHOP GUTSCHEIN"},"content":{"rendered":"<p>Schenke Freunden, Familie oder deinem Partner ein unvergessliches Erlebnis mit einem Gutschein f\u00fcr einen 2-t\u00e4gigen Survival-Workshop bei WILD NASSWALD.<\/p>\n<p class=\"translation-block\">Unser Gutschein kann w\u00e4hrend unserer regul\u00e4ren \u00d6ffnungszeiten nach vorheriger Terminvereinbarung f\u00fcr einen 2 t\u00e4gigen Survival-Workshop eingel\u00f6st werden.<\/p>\n<p class=\"translation-block\">Bestelle ihn ganz einfach und verschenke ihn zusammen mit der Rechnung an einen oder mehrere deiner Liebsten. Wir versprechen dir, deinen Freunden und deiner Familie \u2013 oder wem auch immer du eine Freude machen m\u00f6chtest \u2013 ein Erlebnis, das neue, fr\u00f6hliche, einzigartige und bleibende Erinnerungen schafft. Schau dir gerne unsere Bewertungen auf Google an!<\/p>","protected":false},"excerpt":{"rendered":"<p>Schenke Freunden, Familie oder deinem Partner ein unvergessliches Erlebnis mit einem Gutschein f\u00fcr einen 2-t\u00e4gigen Survival-Workshop bei WILD NASSWALD. Er ist g\u00fcltig, solange wir in Betrieb sind!<\/p>","protected":false},"featured_media":12075,"comment_status":"open","ping_status":"closed","template":"","meta":{"site-sidebar-layout":"default","site-content-layout":"default","ast-site-content-layout":"default","site-content-style":"default","site-sidebar-style":"default","ast-global-header-display":"","ast-banner-title-visibility":"","ast-main-header-display":"","ast-hfb-above-header-display":"","ast-hfb-below-header-display":"","ast-hfb-mobile-header-display":"","site-post-title":"","ast-breadcrumbs-content":"","ast-featured-img":"","footer-sml-layout":"","ast-disable-related-posts":"","theme-transparent-header-meta":"default","adv-header-id-meta":"","stick-header-meta":"","header-above-stick-meta":"","header-main-stick-meta":"","header-below-stick-meta":"","astra-migrate-meta-layouts":"set","ast-page-background-enabled":"default","ast-page-background-meta":{"desktop":{"background-color":"var(--ast-global-color-4)","background-image":"","background-repeat":"repeat","background-position":"center center","background-size":"auto","background-attachment":"scroll","background-type":"","background-media":"","overlay-type":"","overlay-color":"","overlay-opacity":"","overlay-gradient":""},"tablet":{"background-color":"","background-image":"","background-repeat":"repeat","background-position":"center center","background-size":"auto","background-attachment":"scroll","background-type":"","background-media":"","overlay-type":"","overlay-color":"","overlay-opacity":"","overlay-gradient":""},"mobile":{"background-color":"","background-image":"","background-repeat":"repeat","background-position":"center center","background-size":"auto","background-attachment":"scroll","background-type":"","background-media":"","overlay-type":"","overlay-color":"","overlay-opacity":"","overlay-gradient":""}},"ast-content-background-meta":{"desktop":{"background-color":"var(--ast-global-color-5)","background-image":"","background-repeat":"repeat","background-position":"center center","background-size":"auto","background-attachment":"scroll","background-type":"","background-media":"","overlay-type":"","overlay-color":"","overlay-opacity":"","overlay-gradient":""},"tablet":{"background-color":"var(--ast-global-color-5)","background-image":"","background-repeat":"repeat","background-position":"center center","background-size":"auto","background-attachment":"scroll","background-type":"","background-media":"","overlay-type":"","overlay-color":"","overlay-opacity":"","overlay-gradient":""},"mobile":{"background-color":"var(--ast-global-color-5)","background-image":"","background-repeat":"repeat","background-position":"center center","background-size":"auto","background-attachment":"scroll","background-type":"","background-media":"","overlay-type":"","overlay-color":"","overlay-opacity":"","overlay-gradient":""}}},"product_brand":[],"product_cat":[52],"product_tag":[],"class_list":{"0":"post-12170","1":"product","2":"type-product","3":"status-publish","4":"has-post-thumbnail","6":"product_cat-giftvouchers","7":"desktop-align-left","8":"tablet-align-left","9":"mobile-align-left","11":"first","12":"instock","13":"downloadable","14":"virtual","15":"purchasable","16":"product-type-simple"},"yoast_head":"<!-- This site is optimized with the Yoast SEO plugin v27.3 - https:\/\/yoast.com\/product\/yoast-seo-wordpress\/ -->\n<title>SURVIVAL WORKSHOP VOUCHER - wildnasswald.at<\/title>\n<meta name=\"description\" content=\"Gift an unforgettable experience to friends, family or your partner with a 2-day survival workshop in the Vienna Alps at WILD NASSWALD!\" \/>\n<meta name=\"robots\" content=\"index, follow, max-snippet:-1, max-image-preview:large, max-video-preview:-1\" \/>\n<link rel=\"canonical\" href=\"https:\/\/wildnasswald.at\/de\/produkt\/survival-workshop-voucher\/\" \/>\n<meta property=\"og:locale\" content=\"de_DE\" \/>\n<meta property=\"og:type\" content=\"article\" \/>\n<meta property=\"og:title\" content=\"SURVIVAL WORKSHOP VOUCHER - wildnasswald.at\" \/>\n<meta property=\"og:description\" content=\"Gift an unforgettable experience to friends, family or your partner with a 2-day survival workshop in the Vienna Alps at WILD NASSWALD!\" \/>\n<meta property=\"og:url\" content=\"https:\/\/wildnasswald.at\/de\/produkt\/survival-workshop-voucher\/\" \/>\n<meta property=\"og:site_name\" content=\"wildnasswald.at\" \/>\n<meta property=\"article:modified_time\" content=\"2026-02-12T07:21:07+00:00\" \/>\n<meta property=\"og:image\" content=\"https:\/\/wildnasswald.at\/wp-content\/uploads\/2020\/12\/SURVIVAL-EN-S.jpg\" \/>\n\t<meta property=\"og:image:width\" content=\"1800\" \/>\n\t<meta property=\"og:image:height\" content=\"1200\" \/>\n\t<meta property=\"og:image:type\" content=\"image\/jpeg\" \/>\n<meta name=\"twitter:card\" content=\"summary_large_image\" \/>\n<meta name=\"twitter:label1\" content=\"Gesch\u00e4tzte Lesezeit\" \/>\n\t<meta name=\"twitter:data1\" content=\"1 Minute\" \/>\n<script type=\"application\/ld+json\" class=\"yoast-schema-graph\">{\"@context\":\"https:\\\/\\\/schema.org\",\"@graph\":[{\"@type\":\"WebPage\",\"@id\":\"https:\\\/\\\/wildnasswald.at\\\/produkt\\\/survival-workshop-voucher\\\/\",\"url\":\"https:\\\/\\\/wildnasswald.at\\\/produkt\\\/survival-workshop-voucher\\\/\",\"name\":\"SURVIVAL WORKSHOP VOUCHER - wildnasswald.at\",\"isPartOf\":{\"@id\":\"https:\\\/\\\/wildnasswald.at\\\/en\\\/#website\"},\"primaryImageOfPage\":{\"@id\":\"https:\\\/\\\/wildnasswald.at\\\/produkt\\\/survival-workshop-voucher\\\/#primaryimage\"},\"image\":{\"@id\":\"https:\\\/\\\/wildnasswald.at\\\/produkt\\\/survival-workshop-voucher\\\/#primaryimage\"},\"thumbnailUrl\":\"https:\\\/\\\/wildnasswald.at\\\/wp-content\\\/uploads\\\/2020\\\/12\\\/SURVIVAL-EN-S.jpg\",\"datePublished\":\"2026-02-12T03:00:01+00:00\",\"dateModified\":\"2026-02-12T07:21:07+00:00\",\"description\":\"Gift an unforgettable experience to friends, family or your partner with a 2-day survival workshop in the Vienna Alps at WILD NASSWALD!\",\"breadcrumb\":{\"@id\":\"https:\\\/\\\/wildnasswald.at\\\/produkt\\\/survival-workshop-voucher\\\/#breadcrumb\"},\"inLanguage\":\"de-AT\",\"potentialAction\":[{\"@type\":\"ReadAction\",\"target\":[\"https:\\\/\\\/wildnasswald.at\\\/produkt\\\/survival-workshop-voucher\\\/\"]}]},{\"@type\":\"ImageObject\",\"inLanguage\":\"de-AT\",\"@id\":\"https:\\\/\\\/wildnasswald.at\\\/produkt\\\/survival-workshop-voucher\\\/#primaryimage\",\"url\":\"https:\\\/\\\/wildnasswald.at\\\/wp-content\\\/uploads\\\/2020\\\/12\\\/SURVIVAL-EN-S.jpg\",\"contentUrl\":\"https:\\\/\\\/wildnasswald.at\\\/wp-content\\\/uploads\\\/2020\\\/12\\\/SURVIVAL-EN-S.jpg\",\"width\":1800,\"height\":1200},{\"@type\":\"BreadcrumbList\",\"@id\":\"https:\\\/\\\/wildnasswald.at\\\/produkt\\\/survival-workshop-voucher\\\/#breadcrumb\",\"itemListElement\":[{\"@type\":\"ListItem\",\"position\":1,\"name\":\"Home\",\"item\":\"https:\\\/\\\/wildnasswald.at\\\/\"},{\"@type\":\"ListItem\",\"position\":2,\"name\":\"Gift Shop\",\"item\":\"https:\\\/\\\/wildnasswald.at\\\/gift-shop\\\/\"},{\"@type\":\"ListItem\",\"position\":3,\"name\":\"SURVIVAL WORKSHOP VOUCHER\"}]},{\"@type\":\"WebSite\",\"@id\":\"https:\\\/\\\/wildnasswald.at\\\/en\\\/#website\",\"url\":\"https:\\\/\\\/wildnasswald.at\\\/en\\\/\",\"name\":\"wildnasswald.at\",\"description\":\"Wildnis Zentrum Nasswald\",\"publisher\":{\"@id\":\"https:\\\/\\\/wildnasswald.at\\\/en\\\/#organization\"},\"potentialAction\":[{\"@type\":\"SearchAction\",\"target\":{\"@type\":\"EntryPoint\",\"urlTemplate\":\"https:\\\/\\\/wildnasswald.at\\\/en\\\/?s={search_term_string}\"},\"query-input\":{\"@type\":\"PropertyValueSpecification\",\"valueRequired\":true,\"valueName\":\"search_term_string\"}}],\"inLanguage\":\"de-AT\"},{\"@type\":\"Organization\",\"@id\":\"https:\\\/\\\/wildnasswald.at\\\/en\\\/#organization\",\"name\":\"wildnasswald.at\",\"url\":\"https:\\\/\\\/wildnasswald.at\\\/en\\\/\",\"logo\":{\"@type\":\"ImageObject\",\"inLanguage\":\"de-AT\",\"@id\":\"https:\\\/\\\/wildnasswald.at\\\/en\\\/#\\\/schema\\\/logo\\\/image\\\/\",\"url\":\"https:\\\/\\\/wildnasswald.at\\\/wp-content\\\/uploads\\\/2025\\\/08\\\/Nasswald_Logo_weis_v2_72-dpi-transparent_EN-01-01.png\",\"contentUrl\":\"https:\\\/\\\/wildnasswald.at\\\/wp-content\\\/uploads\\\/2025\\\/08\\\/Nasswald_Logo_weis_v2_72-dpi-transparent_EN-01-01.png\",\"width\":1197,\"height\":1197,\"caption\":\"wildnasswald.at\"},\"image\":{\"@id\":\"https:\\\/\\\/wildnasswald.at\\\/en\\\/#\\\/schema\\\/logo\\\/image\\\/\"}}]}<\/script>\n<!-- \/ Yoast SEO plugin. -->","yoast_head_json":{"title":"SURVIVAL WORKSHOP VOUCHER - wildnasswald.at","description":"Gift an unforgettable experience to friends, family or your partner with a 2-day survival workshop in the Vienna Alps at WILD NASSWALD!","robots":{"index":"index","follow":"follow","max-snippet":"max-snippet:-1","max-image-preview":"max-image-preview:large","max-video-preview":"max-video-preview:-1"},"canonical":"https:\/\/wildnasswald.at\/de\/produkt\/survival-workshop-voucher\/","og_locale":"de_DE","og_type":"article","og_title":"SURVIVAL WORKSHOP VOUCHER - wildnasswald.at","og_description":"Gift an unforgettable experience to friends, family or your partner with a 2-day survival workshop in the Vienna Alps at WILD NASSWALD!","og_url":"https:\/\/wildnasswald.at\/de\/produkt\/survival-workshop-voucher\/","og_site_name":"wildnasswald.at","article_modified_time":"2026-02-12T07:21:07+00:00","og_image":[{"width":1800,"height":1200,"url":"https:\/\/wildnasswald.at\/wp-content\/uploads\/2020\/12\/SURVIVAL-EN-S.jpg","type":"image\/jpeg"}],"twitter_card":"summary_large_image","twitter_misc":{"Gesch\u00e4tzte Lesezeit":"1 Minute"},"schema":{"@context":"https:\/\/schema.org","@graph":[{"@type":"WebPage","@id":"https:\/\/wildnasswald.at\/produkt\/survival-workshop-voucher\/","url":"https:\/\/wildnasswald.at\/produkt\/survival-workshop-voucher\/","name":"SURVIVAL WORKSHOP VOUCHER - wildnasswald.at","isPartOf":{"@id":"https:\/\/wildnasswald.at\/en\/#website"},"primaryImageOfPage":{"@id":"https:\/\/wildnasswald.at\/produkt\/survival-workshop-voucher\/#primaryimage"},"image":{"@id":"https:\/\/wildnasswald.at\/produkt\/survival-workshop-voucher\/#primaryimage"},"thumbnailUrl":"https:\/\/wildnasswald.at\/wp-content\/uploads\/2020\/12\/SURVIVAL-EN-S.jpg","datePublished":"2026-02-12T03:00:01+00:00","dateModified":"2026-02-12T07:21:07+00:00","description":"Gift an unforgettable experience to friends, family or your partner with a 2-day survival workshop in the Vienna Alps at WILD NASSWALD!","breadcrumb":{"@id":"https:\/\/wildnasswald.at\/produkt\/survival-workshop-voucher\/#breadcrumb"},"inLanguage":"de-AT","potentialAction":[{"@type":"ReadAction","target":["https:\/\/wildnasswald.at\/produkt\/survival-workshop-voucher\/"]}]},{"@type":"ImageObject","inLanguage":"de-AT","@id":"https:\/\/wildnasswald.at\/produkt\/survival-workshop-voucher\/#primaryimage","url":"https:\/\/wildnasswald.at\/wp-content\/uploads\/2020\/12\/SURVIVAL-EN-S.jpg","contentUrl":"https:\/\/wildnasswald.at\/wp-content\/uploads\/2020\/12\/SURVIVAL-EN-S.jpg","width":1800,"height":1200},{"@type":"BreadcrumbList","@id":"https:\/\/wildnasswald.at\/produkt\/survival-workshop-voucher\/#breadcrumb","itemListElement":[{"@type":"ListItem","position":1,"name":"Home","item":"https:\/\/wildnasswald.at\/"},{"@type":"ListItem","position":2,"name":"Gift Shop","item":"https:\/\/wildnasswald.at\/gift-shop\/"},{"@type":"ListItem","position":3,"name":"SURVIVAL WORKSHOP VOUCHER"}]},{"@type":"WebSite","@id":"https:\/\/wildnasswald.at\/en\/#website","url":"https:\/\/wildnasswald.at\/en\/","name":"wildnasswald.at","description":"Wildnis Zentrum Nasswald","publisher":{"@id":"https:\/\/wildnasswald.at\/en\/#organization"},"potentialAction":[{"@type":"SearchAction","target":{"@type":"EntryPoint","urlTemplate":"https:\/\/wildnasswald.at\/en\/?s={search_term_string}"},"query-input":{"@type":"PropertyValueSpecification","valueRequired":true,"valueName":"search_term_string"}}],"inLanguage":"de-AT"},{"@type":"Organization","@id":"https:\/\/wildnasswald.at\/en\/#organization","name":"wildnasswald.at","url":"https:\/\/wildnasswald.at\/en\/","logo":{"@type":"ImageObject","inLanguage":"de-AT","@id":"https:\/\/wildnasswald.at\/en\/#\/schema\/logo\/image\/","url":"https:\/\/wildnasswald.at\/wp-content\/uploads\/2025\/08\/Nasswald_Logo_weis_v2_72-dpi-transparent_EN-01-01.png","contentUrl":"https:\/\/wildnasswald.at\/wp-content\/uploads\/2025\/08\/Nasswald_Logo_weis_v2_72-dpi-transparent_EN-01-01.png","width":1197,"height":1197,"caption":"wildnasswald.at"},"image":{"@id":"https:\/\/wildnasswald.at\/en\/#\/schema\/logo\/image\/"}}]}},"wcpa_form_fields":null,"_links":{"self":[{"href":"https:\/\/wildnasswald.at\/de\/wp-json\/wp\/v2\/product\/12170","targetHints":{"allow":["GET"]}}],"collection":[{"href":"https:\/\/wildnasswald.at\/de\/wp-json\/wp\/v2\/product"}],"about":[{"href":"https:\/\/wildnasswald.at\/de\/wp-json\/wp\/v2\/types\/product"}],"replies":[{"embeddable":true,"href":"https:\/\/wildnasswald.at\/de\/wp-json\/wp\/v2\/comments?post=12170"}],"wp:featuredmedia":[{"embeddable":true,"href":"https:\/\/wildnasswald.at\/de\/wp-json\/wp\/v2\/media\/12075"}],"wp:attachment":[{"href":"https:\/\/wildnasswald.at\/de\/wp-json\/wp\/v2\/media?parent=12170"}],"wp:term":[{"taxonomy":"product_brand","embeddable":true,"href":"https:\/\/wildnasswald.at\/de\/wp-json\/wp\/v2\/product_brand?post=12170"},{"taxonomy":"product_cat","embeddable":true,"href":"https:\/\/wildnasswald.at\/de\/wp-json\/wp\/v2\/product_cat?post=12170"},{"taxonomy":"product_tag","embeddable":true,"href":"https:\/\/wildnasswald.at\/de\/wp-json\/wp\/v2\/product_tag?post=12170"}],"curies":[{"name":"wp","href":"https:\/\/api.w.org\/{rel}","templated":true}]}}