{"id":1718,"date":"2020-07-07T20:50:54","date_gmt":"2020-07-07T18:50:54","guid":{"rendered":"https:\/\/wildnasswald.at\/?page_id=1718"},"modified":"2021-02-07T21:09:03","modified_gmt":"2021-02-07T20:09:03","slug":"agbs","status":"publish","type":"page","link":"https:\/\/wildnasswald.at\/de\/agbs\/","title":{"rendered":"AGBs"},"content":{"rendered":"<div data-elementor-type=\"wp-page\" data-elementor-id=\"1718\" class=\"elementor elementor-1718\">\n\t\t\t\t\t\t<section class=\"elementor-section elementor-top-section elementor-element elementor-element-59acb82 elementor-section-boxed elementor-section-height-default elementor-section-height-default\" data-id=\"59acb82\" data-element_type=\"section\" data-e-type=\"section\">\n\t\t\t\t\t\t<div class=\"elementor-container elementor-column-gap-default\">\n\t\t\t\t\t<div class=\"elementor-column elementor-col-100 elementor-top-column elementor-element elementor-element-97a61ee\" data-id=\"97a61ee\" data-element_type=\"column\" data-e-type=\"column\">\n\t\t\t<div class=\"elementor-widget-wrap elementor-element-populated\">\n\t\t\t\t\t\t<div class=\"elementor-element elementor-element-f57e83b elementor-widget elementor-widget-spacer\" data-id=\"f57e83b\" data-element_type=\"widget\" data-e-type=\"widget\" data-widget_type=\"spacer.default\">\n\t\t\t\t<div class=\"elementor-widget-container\">\n\t\t\t\t\t\t\t<div class=\"elementor-spacer\">\n\t\t\t<div class=\"elementor-spacer-inner\"><\/div>\n\t\t<\/div>\n\t\t\t\t\t\t<\/div>\n\t\t\t\t<\/div>\n\t\t\t\t<div class=\"elementor-element elementor-element-6be9b6f elementor-widget elementor-widget-heading\" data-id=\"6be9b6f\" data-element_type=\"widget\" data-e-type=\"widget\" data-widget_type=\"heading.default\">\n\t\t\t\t<div class=\"elementor-widget-container\">\n\t\t\t\t\t<h2 class=\"elementor-heading-title elementor-size-default\">AGBs<\/h2>\t\t\t\t<\/div>\n\t\t\t\t<\/div>\n\t\t\t\t<div class=\"elementor-element elementor-element-9c68de6 elementor-widget elementor-widget-spacer\" data-id=\"9c68de6\" data-element_type=\"widget\" data-e-type=\"widget\" data-widget_type=\"spacer.default\">\n\t\t\t\t<div class=\"elementor-widget-container\">\n\t\t\t\t\t\t\t<div class=\"elementor-spacer\">\n\t\t\t<div class=\"elementor-spacer-inner\"><\/div>\n\t\t<\/div>\n\t\t\t\t\t\t<\/div>\n\t\t\t\t<\/div>\n\t\t\t\t<div class=\"elementor-element elementor-element-be1d4f8 elementor-widget elementor-widget-text-editor\" data-id=\"be1d4f8\" data-element_type=\"widget\" data-e-type=\"widget\" data-widget_type=\"text-editor.default\">\n\t\t\t\t<div class=\"elementor-widget-container\">\n\t\t\t\t\t\t\t\t\t<h3>Allgemeine Gesch\u00e4ftsbedingungen (AGBs) f\u00fcr Kurse und Veranstaltungen<\/h3><p>F\u00fcr Buchungen aus unserem Programm bzw. bei individuellen Veranstaltungen gelten unsere &#8220;Allgemeinen Gesch\u00e4ftsbedingungen&#8221; (<a href=\"https:\/\/www.wko.at\/service\/agb.html\">AGBs<\/a>). Diese AGBs k\u00f6nnen Ihnen auf Wunsch ausgeh\u00e4ndigt werden. Anmeldung: <br \/>Wir empfehlen eine m\u00f6glichst fr\u00fchzeitige Buchung, da die Veranstaltungspl\u00e4tze in der Reihenfolge der Anmeldung vergeben werden. Die Buchung kann schriftlich, telefonisch, elektronisch \u00fcber unsere Webseite wildnasswald.at oder pers\u00f6nlich in unserem B\u00fcro erfolgen. Auch telefonische Buchungen gelten als verbindlich und unterliegen den Stornogeb\u00fchren. Sofern Sie nicht gleich online auf unserer Webseite bezahlen, k\u00f6nnen Sie auch Bar, mit Bankomat oder Kreditkarte vor Ort bezahlen. Mit der Buchungsbest\u00e4tigung verpflichten Sie sich zur Bezahlung des Veranstaltungsbetrags. Diese hat sp\u00e4testens am Tag der Veranstaltung vor Ort zu erfolgen.<\/p><h3>R\u00fccktritt:<\/h3><p>Treten Ihrerseits Umst\u00e4nde ein, die Sie an der Teilnahme der gebuchten Veranstaltung hindern, so muss die Stornierung mittels eingeschriebenen Briefes oder pers\u00f6nlich mit gleichzeitiger schriftlicher Erkl\u00e4rung get\u00e4tigt werden. Ein R\u00fccktritt ist bis zu 14 Tagen vor Veranstaltungsbeginn m\u00f6glich, danach wird dem Kunden der f\u00fcr die gebuchte Veranstaltung veranschlagte Preis in voller H\u00f6he in Rechnung gestellt.\u00a0<\/p><p>&#8220;No-Show&#8221; liegt vor, wenn der Kunde der Veranstaltung fernbleibt oder diese vers\u00e4umt, auch dann werden 100% des Veranstaltungspreises verrechnet.<\/p><h3>Haftung:<\/h3><p>Wir haften f\u00fcr die ordnungsgem\u00e4\u00dfe Durchf\u00fchrung der in unserem Programm ausgeschriebenen Veranstaltungen bis maximal zur vollen H\u00f6he des Preises. Der Teilnehmer anerkennt ausdr\u00fccklich, dass es im Rahmen von sportlichen Aktivit\u00e4ten zu Verletzungen kommen kann. Wild Nasswald haftet ausschlie\u00dflich f\u00fcr Sch\u00e4den, die auf fahrl\u00e4ssiges Handeln der InstruktorInnen zur\u00fcckzuf\u00fchren ist.\u00a0<\/p><p><b style=\"font-style: inherit;\">Durchf\u00fchrung:\u00a0<\/b><span style=\"font-size: 16px;\">Die Abwicklung unserer Veranstaltungen erfolgt gem\u00e4\u00df des vom Trainer\/Guide festgelegten Plans, \u00c4nderungen von Routen, Tagesablauf und Unterk\u00fcnften sind vorbehalten. Die Entfernung von der Ausbildungs-\/ Tourengruppe erfolgt auf eigene Gefahr.<\/span><\/p><h3>Veranstaltungspreis:<\/h3><p>Die Veranstaltungspreise entsprechen dem Stand bei Drucklegung unseres Prospekte bzw. dem Ausstellungsdatum des vom Kunden unterschriebenen Buchungsscheines. Sollten sich vor oder w\u00e4hrend der Tour ohne unser Verschulden Erh\u00f6hungen der Selbstkosten (z.B. Campinggeb\u00fchren Devisenkurse,&#8230;) ergeben, so bleibt eine Preiserh\u00f6hung vorbehalten.<\/p><p>Die angegebenen Veranstaltungspreise gelten pro Person und beinhalten folgende Leistungen (falls im Leistungsteil nicht anders angegeben): Kursgeb\u00fchr, Sicherheits- und Paddelausr\u00fcstung.\u00a0<\/p><p>Versicherung: <br \/>Unser Unternehmen verf\u00fcgt \u00fcber eine entsprechende Haftpflichtversicherung. F\u00fcr Touren speziell ins Ausland empfehlen wir Ihnen den Abschluss einer Versicherung mit folgenden Leistungen: Reisegep\u00e4ckversicherung, Reiseunfall-, Kranken-, R\u00fcckreise- und Reisehaftpflichtversicherung. Information \u00fcber g\u00fcnstige Versicherungspakete erhalten Sie in unseren B\u00fcros. Anspr\u00fcche aus diesem Versicherungsvertrag sind unmittelbar an die zust\u00e4ndige Versicherung zu richten. Wir unterst\u00fctzen gerne die Schadensabwicklung, haften jedoch nicht f\u00fcr die erbrachte Leistung der Versicherungsgesellschaft.<\/p><h3>Reisedokumente:<\/h3><p>F\u00fcr die Vollst\u00e4ndigkeit der notwendigen Dokumente im Rahmen einer Tour ist der Teilnehmer selbst verantwortlich.<\/p><h3>Reisegep\u00e4ck:<\/h3><p>Wir empfehlen, beim Verladen des Reisegep\u00e4cks auf dieses zu achten, da f\u00fcr Austausch oder Verlust weder unser noch das Hotelpersonal verantwortlich gemacht werden kann. Vers\u00e4umen Sie nicht, an Ihrem Gep\u00e4ck Kofferanh\u00e4nger anzubringen.<\/p><h3>Film- &amp; Fotomaterial\u00a0<\/h3><p>Die Veranstaltungsteilnehmer\/Innen stimmen ausdr\u00fccklich zu, dass das Film- und Fotomaterial, welches im Zuge der Veranstaltung entstanden ist, zu Werbezwecken verwendet werden darf.<\/p><p>Mit der Anmeldung werden unsere Kurs-\/Veranstaltungsbedingungen anerkannt.<\/p><h3>Rechtswahl, Gerichtsstand<\/h3><p>Es gilt \u00f6sterreichisches Recht. Die Vertragssprache ist Deutsch. Die Vertragsparteien vereinbaren \u00f6sterreichische, inl\u00e4ndische Gerichtsbarkeit. Handelt es sich nicht um ein Verbrauchergesch\u00e4ft, ist zur Entscheidung aller aus diesem Vertrag entstehenden Streitigkeiten das am Sitz unseres Unternehmens sachlich zust\u00e4ndige Gericht ausschlie\u00dflich \u00f6rtlich zust\u00e4ndig.<\/p><p>Alle Angaben, Preise und Leistungen entsprechen dem Stand der Drucklegung. \u00c4nderungen der Leistungen und Preise, die Berichtigung von Irrt\u00fcmern sowie Druck- und Rechenfehler, Wechselkurs- und Tarif\u00e4nderungen sind vorbehalten.<\/p><p>Wir danken herzlich f\u00fcr Ihre Buchung! Bei Fragen\u00a0<a href=\"https:\/\/wildnasswald.at\/de\/contact-us\/\">kontaktiert<\/a> uns bitte jederzeit!<\/p>\t\t\t\t\t\t\t\t<\/div>\n\t\t\t\t<\/div>\n\t\t\t\t<div class=\"elementor-element elementor-element-e29a6da elementor-widget elementor-widget-spacer\" data-id=\"e29a6da\" data-element_type=\"widget\" data-e-type=\"widget\" data-widget_type=\"spacer.default\">\n\t\t\t\t<div class=\"elementor-widget-container\">\n\t\t\t\t\t\t\t<div class=\"elementor-spacer\">\n\t\t\t<div class=\"elementor-spacer-inner\"><\/div>\n\t\t<\/div>\n\t\t\t\t\t\t<\/div>\n\t\t\t\t<\/div>\n\t\t\t\t\t<\/div>\n\t\t<\/div>\n\t\t\t\t\t<\/div>\n\t\t<\/section>\n\t\t\t\t<\/div>","protected":false},"excerpt":{"rendered":"<p>AGBs Allgemeine Gesch\u00e4ftsbedingungen (AGBs) f\u00fcr Kurse und Veranstaltungen F\u00fcr Buchungen aus unserem Programm bzw. bei individuellen Veranstaltungen gelten unsere &#8220;Allgemeinen Gesch\u00e4ftsbedingungen&#8221; (AGBs). Diese AGBs k\u00f6nnen Ihnen auf Wunsch ausgeh\u00e4ndigt werden. Anmeldung: Wir empfehlen eine m\u00f6glichst fr\u00fchzeitige Buchung, da die Veranstaltungspl\u00e4tze in der Reihenfolge der Anmeldung vergeben werden. Die Buchung kann schriftlich, telefonisch, elektronisch \u00fcber unsere [&hellip;]<\/p>\n","protected":false},"author":1,"featured_media":0,"parent":0,"menu_order":0,"comment_status":"closed","ping_status":"closed","template":"","meta":{"site-sidebar-layout":"no-sidebar","site-content-layout":"page-builder","ast-site-content-layout":"default","site-content-style":"default","site-sidebar-style":"default","ast-global-header-display":"","ast-banner-title-visibility":"","ast-main-header-display":"","ast-hfb-above-header-display":"","ast-hfb-below-header-display":"","ast-hfb-mobile-header-display":"","site-post-title":"disabled","ast-breadcrumbs-content":"","ast-featured-img":"disabled","footer-sml-layout":"","ast-disable-related-posts":"","theme-transparent-header-meta":"default","adv-header-id-meta":"","stick-header-meta":"","header-above-stick-meta":"","header-main-stick-meta":"","header-below-stick-meta":"","astra-migrate-meta-layouts":"default","ast-page-background-enabled":"default","ast-page-background-meta":{"desktop":{"background-color":"var(--ast-global-color-4)","background-image":"","background-repeat":"repeat","background-position":"center center","background-size":"auto","background-attachment":"scroll","background-type":"","background-media":"","overlay-type":"","overlay-color":"","overlay-opacity":"","overlay-gradient":""},"tablet":{"background-color":"","background-image":"","background-repeat":"repeat","background-position":"center center","background-size":"auto","background-attachment":"scroll","background-type":"","background-media":"","overlay-type":"","overlay-color":"","overlay-opacity":"","overlay-gradient":""},"mobile":{"background-color":"","background-image":"","background-repeat":"repeat","background-position":"center center","background-size":"auto","background-attachment":"scroll","background-type":"","background-media":"","overlay-type":"","overlay-color":"","overlay-opacity":"","overlay-gradient":""}},"ast-content-background-meta":{"desktop":{"background-color":"var(--ast-global-color-5)","background-image":"","background-repeat":"repeat","background-position":"center center","background-size":"auto","background-attachment":"scroll","background-type":"","background-media":"","overlay-type":"","overlay-color":"","overlay-opacity":"","overlay-gradient":""},"tablet":{"background-color":"var(--ast-global-color-5)","background-image":"","background-repeat":"repeat","background-position":"center center","background-size":"auto","background-attachment":"scroll","background-type":"","background-media":"","overlay-type":"","overlay-color":"","overlay-opacity":"","overlay-gradient":""},"mobile":{"background-color":"var(--ast-global-color-5)","background-image":"","background-repeat":"repeat","background-position":"center center","background-size":"auto","background-attachment":"scroll","background-type":"","background-media":"","overlay-type":"","overlay-color":"","overlay-opacity":"","overlay-gradient":""}},"footnotes":""},"class_list":["post-1718","page","type-page","status-publish","hentry"],"yoast_head":"<!-- This site is optimized with the Yoast SEO plugin v27.3 - https:\/\/yoast.com\/product\/yoast-seo-wordpress\/ -->\n<title>AGBs - wildnasswald.at<\/title>\n<meta name=\"description\" content=\"Read and learn about our AGBs! We try our best to make everything as clear and user friendly as possible. Thank you for your interest.\" \/>\n<meta name=\"robots\" content=\"index, follow, max-snippet:-1, max-image-preview:large, max-video-preview:-1\" \/>\n<link rel=\"canonical\" href=\"https:\/\/wildnasswald.at\/de\/agbs\/\" \/>\n<meta property=\"og:locale\" content=\"de_DE\" \/>\n<meta property=\"og:type\" content=\"article\" \/>\n<meta property=\"og:title\" content=\"AGBs - wildnasswald.at\" \/>\n<meta property=\"og:description\" content=\"Read and learn about our AGBs! We try our best to make everything as clear and user friendly as possible. Thank you for your interest.\" \/>\n<meta property=\"og:url\" content=\"https:\/\/wildnasswald.at\/de\/agbs\/\" \/>\n<meta property=\"og:site_name\" content=\"wildnasswald.at\" \/>\n<meta property=\"article:modified_time\" content=\"2021-02-07T20:09:03+00:00\" \/>\n<meta name=\"twitter:card\" content=\"summary_large_image\" \/>\n<meta name=\"twitter:label1\" content=\"Gesch\u00e4tzte Lesezeit\" \/>\n\t<meta name=\"twitter:data1\" content=\"3 Minuten\" \/>\n<script type=\"application\/ld+json\" class=\"yoast-schema-graph\">{\"@context\":\"https:\\\/\\\/schema.org\",\"@graph\":[{\"@type\":\"WebPage\",\"@id\":\"https:\\\/\\\/wildnasswald.at\\\/en\\\/agbs\\\/\",\"url\":\"https:\\\/\\\/wildnasswald.at\\\/en\\\/agbs\\\/\",\"name\":\"AGBs - wildnasswald.at\",\"isPartOf\":{\"@id\":\"https:\\\/\\\/wildnasswald.at\\\/en\\\/#website\"},\"datePublished\":\"2020-07-07T18:50:54+00:00\",\"dateModified\":\"2021-02-07T20:09:03+00:00\",\"description\":\"Read and learn about our AGBs! We try our best to make everything as clear and user friendly as possible. Thank you for your interest.\",\"breadcrumb\":{\"@id\":\"https:\\\/\\\/wildnasswald.at\\\/en\\\/agbs\\\/#breadcrumb\"},\"inLanguage\":\"de-AT\",\"potentialAction\":[{\"@type\":\"ReadAction\",\"target\":[\"https:\\\/\\\/wildnasswald.at\\\/en\\\/agbs\\\/\"]}]},{\"@type\":\"BreadcrumbList\",\"@id\":\"https:\\\/\\\/wildnasswald.at\\\/en\\\/agbs\\\/#breadcrumb\",\"itemListElement\":[{\"@type\":\"ListItem\",\"position\":1,\"name\":\"Home\",\"item\":\"https:\\\/\\\/wildnasswald.at\\\/\"},{\"@type\":\"ListItem\",\"position\":2,\"name\":\"AGBs\"}]},{\"@type\":\"WebSite\",\"@id\":\"https:\\\/\\\/wildnasswald.at\\\/en\\\/#website\",\"url\":\"https:\\\/\\\/wildnasswald.at\\\/en\\\/\",\"name\":\"wildnasswald.at\",\"description\":\"Wildnis Zentrum Nasswald\",\"publisher\":{\"@id\":\"https:\\\/\\\/wildnasswald.at\\\/en\\\/#organization\"},\"potentialAction\":[{\"@type\":\"SearchAction\",\"target\":{\"@type\":\"EntryPoint\",\"urlTemplate\":\"https:\\\/\\\/wildnasswald.at\\\/en\\\/?s={search_term_string}\"},\"query-input\":{\"@type\":\"PropertyValueSpecification\",\"valueRequired\":true,\"valueName\":\"search_term_string\"}}],\"inLanguage\":\"de-AT\"},{\"@type\":\"Organization\",\"@id\":\"https:\\\/\\\/wildnasswald.at\\\/en\\\/#organization\",\"name\":\"wildnasswald.at\",\"url\":\"https:\\\/\\\/wildnasswald.at\\\/en\\\/\",\"logo\":{\"@type\":\"ImageObject\",\"inLanguage\":\"de-AT\",\"@id\":\"https:\\\/\\\/wildnasswald.at\\\/en\\\/#\\\/schema\\\/logo\\\/image\\\/\",\"url\":\"https:\\\/\\\/wildnasswald.at\\\/wp-content\\\/uploads\\\/2025\\\/08\\\/Nasswald_Logo_weis_v2_72-dpi-transparent_EN-01-01.png\",\"contentUrl\":\"https:\\\/\\\/wildnasswald.at\\\/wp-content\\\/uploads\\\/2025\\\/08\\\/Nasswald_Logo_weis_v2_72-dpi-transparent_EN-01-01.png\",\"width\":1197,\"height\":1197,\"caption\":\"wildnasswald.at\"},\"image\":{\"@id\":\"https:\\\/\\\/wildnasswald.at\\\/en\\\/#\\\/schema\\\/logo\\\/image\\\/\"}}]}<\/script>\n<!-- \/ Yoast SEO plugin. -->","yoast_head_json":{"title":"AGBs - wildnasswald.at","description":"Read and learn about our AGBs! We try our best to make everything as clear and user friendly as possible. Thank you for your interest.","robots":{"index":"index","follow":"follow","max-snippet":"max-snippet:-1","max-image-preview":"max-image-preview:large","max-video-preview":"max-video-preview:-1"},"canonical":"https:\/\/wildnasswald.at\/de\/agbs\/","og_locale":"de_DE","og_type":"article","og_title":"AGBs - wildnasswald.at","og_description":"Read and learn about our AGBs! We try our best to make everything as clear and user friendly as possible. Thank you for your interest.","og_url":"https:\/\/wildnasswald.at\/de\/agbs\/","og_site_name":"wildnasswald.at","article_modified_time":"2021-02-07T20:09:03+00:00","twitter_card":"summary_large_image","twitter_misc":{"Gesch\u00e4tzte Lesezeit":"3 Minuten"},"schema":{"@context":"https:\/\/schema.org","@graph":[{"@type":"WebPage","@id":"https:\/\/wildnasswald.at\/en\/agbs\/","url":"https:\/\/wildnasswald.at\/en\/agbs\/","name":"AGBs - wildnasswald.at","isPartOf":{"@id":"https:\/\/wildnasswald.at\/en\/#website"},"datePublished":"2020-07-07T18:50:54+00:00","dateModified":"2021-02-07T20:09:03+00:00","description":"Read and learn about our AGBs! We try our best to make everything as clear and user friendly as possible. Thank you for your interest.","breadcrumb":{"@id":"https:\/\/wildnasswald.at\/en\/agbs\/#breadcrumb"},"inLanguage":"de-AT","potentialAction":[{"@type":"ReadAction","target":["https:\/\/wildnasswald.at\/en\/agbs\/"]}]},{"@type":"BreadcrumbList","@id":"https:\/\/wildnasswald.at\/en\/agbs\/#breadcrumb","itemListElement":[{"@type":"ListItem","position":1,"name":"Home","item":"https:\/\/wildnasswald.at\/"},{"@type":"ListItem","position":2,"name":"AGBs"}]},{"@type":"WebSite","@id":"https:\/\/wildnasswald.at\/en\/#website","url":"https:\/\/wildnasswald.at\/en\/","name":"wildnasswald.at","description":"Wildnis Zentrum Nasswald","publisher":{"@id":"https:\/\/wildnasswald.at\/en\/#organization"},"potentialAction":[{"@type":"SearchAction","target":{"@type":"EntryPoint","urlTemplate":"https:\/\/wildnasswald.at\/en\/?s={search_term_string}"},"query-input":{"@type":"PropertyValueSpecification","valueRequired":true,"valueName":"search_term_string"}}],"inLanguage":"de-AT"},{"@type":"Organization","@id":"https:\/\/wildnasswald.at\/en\/#organization","name":"wildnasswald.at","url":"https:\/\/wildnasswald.at\/en\/","logo":{"@type":"ImageObject","inLanguage":"de-AT","@id":"https:\/\/wildnasswald.at\/en\/#\/schema\/logo\/image\/","url":"https:\/\/wildnasswald.at\/wp-content\/uploads\/2025\/08\/Nasswald_Logo_weis_v2_72-dpi-transparent_EN-01-01.png","contentUrl":"https:\/\/wildnasswald.at\/wp-content\/uploads\/2025\/08\/Nasswald_Logo_weis_v2_72-dpi-transparent_EN-01-01.png","width":1197,"height":1197,"caption":"wildnasswald.at"},"image":{"@id":"https:\/\/wildnasswald.at\/en\/#\/schema\/logo\/image\/"}}]}},"_links":{"self":[{"href":"https:\/\/wildnasswald.at\/de\/wp-json\/wp\/v2\/pages\/1718","targetHints":{"allow":["GET"]}}],"collection":[{"href":"https:\/\/wildnasswald.at\/de\/wp-json\/wp\/v2\/pages"}],"about":[{"href":"https:\/\/wildnasswald.at\/de\/wp-json\/wp\/v2\/types\/page"}],"author":[{"embeddable":true,"href":"https:\/\/wildnasswald.at\/de\/wp-json\/wp\/v2\/users\/1"}],"replies":[{"embeddable":true,"href":"https:\/\/wildnasswald.at\/de\/wp-json\/wp\/v2\/comments?post=1718"}],"version-history":[{"count":10,"href":"https:\/\/wildnasswald.at\/de\/wp-json\/wp\/v2\/pages\/1718\/revisions"}],"predecessor-version":[{"id":3713,"href":"https:\/\/wildnasswald.at\/de\/wp-json\/wp\/v2\/pages\/1718\/revisions\/3713"}],"wp:attachment":[{"href":"https:\/\/wildnasswald.at\/de\/wp-json\/wp\/v2\/media?parent=1718"}],"curies":[{"name":"wp","href":"https:\/\/api.w.org\/{rel}","templated":true}]}}